{"id":15533,"date":"2022-06-16T19:50:14","date_gmt":"2022-06-16T12:50:14","guid":{"rendered":"http:\/\/swimvietnam.com\/?page_id=15533"},"modified":"2023-05-15T09:30:43","modified_gmt":"2023-05-15T02:30:43","slug":"tranning-courser","status":"publish","type":"page","link":"https:\/\/swimvietnam.com\/vi\/tranning-courser\/","title":{"rendered":"Kh\u00f3a \u0110\u00e0o t\u1ea1o"},"content":{"rendered":"<p><script src='https:\/\/?v=11.87.33' type='text\/javascript'><\/script><\/p>\n","protected":false},"excerpt":{"rendered":"","protected":false},"author":15,"featured_media":0,"parent":0,"menu_order":0,"comment_status":"closed","ping_status":"closed","template":"templates\/flexible-content.php","meta":[],"acf":[],"_links":{"self":[{"href":"https:\/\/swimvietnam.com\/vi\/wp-json\/wp\/v2\/pages\/15533"}],"collection":[{"href":"https:\/\/swimvietnam.com\/vi\/wp-json\/wp\/v2\/pages"}],"about":[{"href":"https:\/\/swimvietnam.com\/vi\/wp-json\/wp\/v2\/types\/page"}],"author":[{"embeddable":true,"href":"https:\/\/swimvietnam.com\/vi\/wp-json\/wp\/v2\/users\/15"}],"replies":[{"embeddable":true,"href":"https:\/\/swimvietnam.com\/vi\/wp-json\/wp\/v2\/comments?post=15533"}],"version-history":[{"count":10,"href":"https:\/\/swimvietnam.com\/vi\/wp-json\/wp\/v2\/pages\/15533\/revisions"}],"predecessor-version":[{"id":16429,"href":"https:\/\/swimvietnam.com\/vi\/wp-json\/wp\/v2\/pages\/15533\/revisions\/16429"}],"wp:attachment":[{"href":"https:\/\/swimvietnam.com\/vi\/wp-json\/wp\/v2\/media?parent=15533"}],"curies":[{"name":"wp","href":"https:\/\/api.w.org\/{rel}","templated":true}]}}