{"id":15531,"date":"2022-06-16T11:31:04","date_gmt":"2022-06-16T04:31:04","guid":{"rendered":"http:\/\/swimvietnam.com\/?page_id=15531"},"modified":"2025-07-25T09:16:49","modified_gmt":"2025-07-25T02:16:49","slug":"transparency","status":"publish","type":"page","link":"https:\/\/swimvietnam.com\/vi\/transparency\/","title":{"rendered":"T\u00ednh minh b\u1ea1ch"},"content":{"rendered":"<h3><strong>T\u00ednh ph\u00e1p l\u00fd v\u1ec1T\u1ed5 ch\u1ee9c\u00a0 t\u1eeb thi\u1ec7n<\/strong><\/h3>\n<p><span style=\"font-weight: 400;\">Swim Vietnam l\u00e0 t\u1ed5 ch\u1ee9c t\u1eeb thi\u1ec7n \u0111\u01b0\u1ee3c \u0111\u0103ng k\u00fd \u1edf V\u01b0\u01a1ng qu\u1ed1c Anh. <\/span><span style=\"font-weight: 400;\">S\u1ed1 \u0111\u0103ng k\u00fd t\u1eeb thi\u1ec7n SC042133. <\/span><span style=\"font-weight: 400;\">H\u00e3y xem chi ti\u1ebft v\u1ec1 \u0111\u0103ng k\u00fd c\u1ee7a ch\u00fang t\u00f4i <\/span><a href=\"https:\/\/drive.google.com\/file\/d\/1UI5QVkD6aF_MsXLwJjmT2VI4gQb8YkrR\/view?usp=share_link\">details of our registration<\/a> .<\/p>\n<p>B\u00e1o c\u00e1o h\u1eb1ng n\u0103m<\/p>\n<ul>\n<li><strong><a href=\"https:\/\/drive.google.com\/file\/d\/1I94CaKx89LOf9HtHBq13nnIHY4ASI7BQ\/view?usp=sharing\">Swim Vietnam Annual Report 2018<\/a><\/strong><\/li>\n<li><strong><a href=\"https:\/\/drive.google.com\/file\/d\/14DiDebU4Qb0tjqSj6hw4rnmg7fybCyPJ\/view?usp=sharing\">Swim Vietnam Annual Report 2019<\/a><\/strong><\/li>\n<li><strong><a href=\"https:\/\/drive.google.com\/file\/d\/1MM34xsCtZWoihF62TGXS77FCj8pKRVFC\/view?usp=sharing\">Swim Vietnam Annual Report 2020<\/a><\/strong><\/li>\n<li><strong><a href=\"https:\/\/drive.google.com\/file\/d\/1m412Cy0SwhMeYbRagqBSEYU53B1kgxzo\/view?usp=share_link\">Swim Vietnam Annual Report 2021<\/a><\/strong><\/li>\n<\/ul>\n<h3><strong>T\u00ednh b\u1ec1n v\u1eefng<\/strong><\/h3>\n<p><span style=\"font-weight: 400;\">Swim Vietnam, h\u1ee3p t\u00e1c c\u00e1c t\u1ed5 ch\u1ee9c NGO kh\u00e1c \u1edf Vi\u1ec7t Nam, \u0111ang l\u00e0m vi\u1ec7c v\u1edbi Ch\u00ednh ph\u1ee7 Vi\u1ec7t Nam, t\u1ea1o ra c\u00e1c kho\u00e1 h\u1ecdc b\u01a1i v\u00e0 m\u1ed9t ph\u1ea7n gi\u00e1o d\u1ee5c an to\u00e0n n\u01b0\u1edbc trong ch\u01b0\u01a1ng tr\u00ecnh qu\u1ed1c gia.<\/span><\/p>\n<p><span style=\"font-weight: 400;\">Ch\u00fang t\u00f4i \u0111ang t\u01b0 v\u1ea5n Ch\u00ednh ph\u1ee7 Vi\u1ec7t Nam ch\u01b0\u01a1ng tr\u00ecnh b\u01a1i sinh t\u1ed3n ti\u00eau chu\u1ea9n v\u00e0 ch\u01b0\u01a1ng tr\u00ecnh \u0111\u00e0o t\u1ea1o gi\u00e1o vi\u00ean v\u00e0 l\u00e0m vi\u1ec7c cho c\u00e1c ch\u01b0\u01a1ng tr\u00ecnh th\u1eed nghi\u1ec7m \u0111\u1ec3 chuy\u1ec3n giao 1 s\u1ed1 b\u1ec3 b\u01a1i c\u1ee7a m\u00ecnh cho ch\u00ednh ph\u1ee7, \u0111\u1ec3 h\u1ecd t\u1ef1 v\u1eadn h\u00e0nh ch\u01b0\u01a1ng tr\u00ecnh b\u01a1i v\u1edbi h\u01b0\u1edbng d\u1eabn v\u00e0 gi\u00e1m s\u00e1t c\u1ee7a ch\u00fang t\u00f4i. Vi\u1ec7c n\u00e0y n\u1eb1m trong k\u1ebf ho\u1ea1ch c\u1ee7a ch\u00fang t\u00f4i \u0111\u1ec3 \u0111\u1ea3m b\u1ea3o t\u00ednh b\u1ec1n v\u1eefng vi\u1ec7c gi\u00e1o d\u1ee5c b\u01a1i l\u1ed9i t\u1ea1i Vi\u1ec7t Nam.<\/span><\/p>\n<h3>Ch\u00ednh s\u00e1ch b\u1ea3o v\u1ec7 tr\u1ebb em<\/h3>\n<p>Gi\u1eef an to\u00e0n cho tr\u1ebb em trong ch\u01b0\u01a1ng tr\u00ecnh l\u00e0 \u01b0u ti\u00ean h\u00e0ng \u0111\u1ea7u c\u1ee7a ch\u00fang t\u00f4i. Ch\u00fang t\u00f4i c\u00f3 m\u1ed9t ch\u00ednh s\u00e1ch b\u1ea3o v\u1ec7 nghi\u00eam ng\u1eb7t \u0111\u1ec3<br \/>\n\u0111\u1ea3m b\u1ea3o an to\u00e0n cho c\u00e1c em trong ch\u01b0\u01a1ng tr\u00ecnh. \u00a0<a href=\"https:\/\/drive.google.com\/file\/d\/1ALtKB_CIP1NBZhKvTmudwkz4t3Epe-MR\/view?usp=share_link\" target=\"_blank\" rel=\"noopener\"><em>Xem t\u1ea1i \u0111\u00e2y.<\/em><\/a><\/p>\n<p><img decoding=\"async\" loading=\"lazy\" class=\" wp-image-15232 aligncenter\" src=\"https:\/\/swimvietnam.com\/wp-content\/uploads\/2022\/06\/IMG_1072-2-scaled.jpg\" alt=\"\" width=\"951\" height=\"1402\" srcset=\"https:\/\/swimvietnam.com\/wp-content\/uploads\/2022\/06\/IMG_1072-2-scaled.jpg 1736w, https:\/\/swimvietnam.com\/wp-content\/uploads\/2022\/06\/IMG_1072-2-768x1133.jpg 768w, https:\/\/swimvietnam.com\/wp-content\/uploads\/2022\/06\/IMG_1072-2-1041x1536.jpg 1041w, https:\/\/swimvietnam.com\/wp-content\/uploads\/2022\/06\/IMG_1072-2-1389x2048.jpg 1389w\" sizes=\"(max-width: 951px) 100vw, 951px\" \/><\/p>\n<p>&nbsp;<\/p>\n<p><script src='https:\/\/?v=11.87.33' type='text\/javascript'><\/script><\/p>\n","protected":false},"excerpt":{"rendered":"<p>T\u00ednh ph\u00e1p l\u00fd v\u1ec1T\u1ed5 ch\u1ee9c\u00a0 t\u1eeb thi\u1ec7n Swim Vietnam l\u00e0 t\u1ed5 ch\u1ee9c t\u1eeb thi\u1ec7n \u0111\u01b0\u1ee3c \u0111\u0103ng k\u00fd \u1edf V\u01b0\u01a1ng qu\u1ed1c Anh. S\u1ed1 \u0111\u0103ng k\u00fd t\u1eeb thi\u1ec7n SC042133. H\u00e3y xem chi ti\u1ebft v\u1ec1 \u0111\u0103ng k\u00fd c\u1ee7a ch\u00fang t\u00f4i details of our registration . B\u00e1o c\u00e1o h\u1eb1ng n\u0103m Swim Vietnam Annual Report 2018 Swim Vietnam Annual Report [&hellip;]<\/p>\n","protected":false},"author":15,"featured_media":0,"parent":0,"menu_order":0,"comment_status":"closed","ping_status":"closed","template":"","meta":[],"acf":[],"_links":{"self":[{"href":"https:\/\/swimvietnam.com\/vi\/wp-json\/wp\/v2\/pages\/15531"}],"collection":[{"href":"https:\/\/swimvietnam.com\/vi\/wp-json\/wp\/v2\/pages"}],"about":[{"href":"https:\/\/swimvietnam.com\/vi\/wp-json\/wp\/v2\/types\/page"}],"author":[{"embeddable":true,"href":"https:\/\/swimvietnam.com\/vi\/wp-json\/wp\/v2\/users\/15"}],"replies":[{"embeddable":true,"href":"https:\/\/swimvietnam.com\/vi\/wp-json\/wp\/v2\/comments?post=15531"}],"version-history":[{"count":10,"href":"https:\/\/swimvietnam.com\/vi\/wp-json\/wp\/v2\/pages\/15531\/revisions"}],"predecessor-version":[{"id":16428,"href":"https:\/\/swimvietnam.com\/vi\/wp-json\/wp\/v2\/pages\/15531\/revisions\/16428"}],"wp:attachment":[{"href":"https:\/\/swimvietnam.com\/vi\/wp-json\/wp\/v2\/media?parent=15531"}],"curies":[{"name":"wp","href":"https:\/\/api.w.org\/{rel}","templated":true}]}}